{"id":1426,"date":"2026-02-17T15:34:23","date_gmt":"2026-02-17T15:34:23","guid":{"rendered":"https:\/\/rtmale.com\/?page_id=1426"},"modified":"2026-02-21T17:51:32","modified_gmt":"2026-02-21T17:51:32","slug":"music","status":"publish","type":"page","link":"https:\/\/rtmale.com\/?page_id=1426","title":{"rendered":"MUSIC"},"content":{"rendered":"\n<p>Soul Ambassador Starring &#8211; Finnish web-EP<\/p>\n\n\n\n<pre id=\"srmp3-admin-shortcode\" class=\"wp-block-preformatted\"><article id=\"arbitrary-instance-69ec8727c18c6\" class=\"iron_widget_radio playlist_enabled\"><div class=\"iron-audioplayer  show-playlist playlist_has_no_ctas\" id=\"arbitrary-instance-69ec8727c18c6-f0bae426e6\" data-id=\"arbitrary-instance-69ec8727c18c6\" data-track-sw-cursor=\"\" data-lazyload=\"\" data-albums=\"1434\" data-category=\"\" data-url-playlist=\"https:\/\/rtmale.com\/?load=playlist.json&#038;title=&#038;albums=1434&#038;category=&#038;posts_not_in=&#038;category_not_in=&#038;author=&#038;feed_title=&#038;feed=&#038;feed_img=&#038;el_widget_id=&#038;artwork=&#038;posts_per_pages=-1&#038;all_category=&#038;single_playlist=&#038;reverse_tracklist=&#038;audio_meta_field=&#038;repeater_meta_field=&#038;import_file=&#038;rss_items=-1&#038;rss_item_title=&#038;is_favorite=&#038;is_recentlyplayed=&#038;srp_order=date_DESC\" data-sticky-player=\"0\" data-shuffle=\"false\" data-playlist_title=\"\" data-scrollbar=\"\" data-wave-color=\"\" data-wave-progress-color=\"\" data-spectro=\"\" data-no-wave=\"0\" data-hide-progressbar=\"\" data-progress-bar-style=\"\"data-feedurl=\"0\" data-notrackskip=\"\" data-no-loop-tracklist=\"\" data-playertemplate =\"skin_boxed_tracklist\" data-hide-artwork =\"\" data-speedrate=\"1\"  data-tracks-per-page=\"\" data-pagination_scroll_offset=\"\" data-adaptive-colors=\"\" data-adaptive-colors-freeze=\"\" style=\"opacity:0;\"><div class=\"srp_player_boxed srp_player_grid\"><div class=\"sonaar-Artwort-box \">\n                <div class=\"control\">\n                    \n                <\/div>\n                <div class=\"album\">\n                    <div class=\"album-art\">\n                        <img alt=\"album-art\">\n                    <\/div>\n                <\/div>\n                <\/div><div class=\"album-player sr_waveform_mediaElement\" data-wave-bar-width=\"1\" data-wave-bar-gap=\"1\"><div class=\"srp_miniplayer_metas\"><div class=\" srp_meta srp_meta_0 album-title\" data-prefix=\"\" aria-label=\"Title\"><\/div><\/div><div class=\"srp_subtitle\"><\/div><div class=\"srp_player_meta\"><\/div><div class=\"srp_control_box\">\n            <div role=\"button\" tabindex=\"0\" class=\"srp-play-button play\" href=\"#\" aria-label=\"Play\">\n                <i class=\"sricon-play\"><\/i>\n                <div class=\"srp-play-circle\"><\/div>\n            <\/div><div class=\"srp_wave_box\"> <div class=\"player \" ><div class=\"sr_progressbar\">\n                \n            <div class=\"currentTime\">00:00<\/div>\n         \n                <div id=\"arbitrary-instance-69ec8727c18c6-daa18bf45d-wave\" class=\"wave\" >\n                 \n        <div class=\"sonaar_fake_wave\" style=\"height:70px\"> \n            <audio src=\"\" class=\"sonaar_media_element\"><\/audio> \n            <div class=\"sonaar_wave_base\"> \n                <canvas id=\"sonaar_wave_base_canvas\" class=\"\" height=\"70\" width=\"2540\"><\/canvas> \n                <svg><\/svg> \n            <\/div> \n            <div class=\"sonaar_wave_cut\"> \n                <canvas id=\"sonaar_wave_cut_canvas\" class=\"\" height=\"70\" width=\"2540\"><\/canvas> \n                <svg><\/svg> \n            <\/div> \n        <\/div> \n                <\/div>\n                \n            <div class=\"totalTime\"><\/div>\n         \n             <\/div><\/div><div class=\"control\"><div role=\"button\" tabindex=\"0\" class=\"previous sricon-back\" style=\"opacity:0;\" aria-label=\"Previous Track\" title=\"Previous\"><\/div><div role=\"button\" tabindex=\"0\" class=\"play\" style=\"opacity:0;\" aria-label=\"Play\" title=\"Play\/Pause\">\n                <i class=\"sricon-play\"><\/i>\n            <\/div><div role=\"button\" tabindex=\"0\" class=\"next sricon-forward\" style=\"opacity:0;\" aria-label=\"Next Track\" title=\"Next \"><\/div><\/div><\/div><\/div><\/div><\/div><div class=\"playlist sr_waveform_mediaElement\"  id=\"playlist_arbitrary-instance-69ec8727c18c6\"><div class=\"srp_tracklist\"><ul class=\"srp_list\"><li \n            class=\"sr-playlist-item\" \n            data-audiopath=\"https:\/\/rtmale.com\/wp-content\/uploads\/2026\/02\/hyvaa-paivaa_MST.mp3\"\n            data-showloading=\"1\"\n            data-albumTitle=\"SOUL AMBASSADOR STARRING  - FINNISH WEB EP\"\n            data-albumArt=\"https:\/\/rtmale.com\/wp-content\/uploads\/2024\/08\/20240816_150615-576x1024.jpg\"\n            data-releasedate=\"\"\n            data-date=\"2026\/02\/17\"\n            data-date-formated=\"17 helmikuun, 2026\"\n            data-show-date=\"\"\n            data-trackTitle=\"Hyv\u00e4\u00e4 P\u00e4iv\u00e4\u00e4\"\n            data-artist=\"\"\n            data-trackID=\"1427\"\n            data-trackTime=\"2:53\"\n            data-relatedTrack=\"\"\n            data-post-url=\"\"\n            data-post-id=\"1434\"\n            data-track-pos=\"0\"\n            data-peakFile=\"https:\/\/rtmale.com\/wp-content\/uploads\/audio_peaks\/1427.peak\"\n            data-peakFile-allow=\"1\"\n            data-is-preview=\"\"\n            data-track-lyric=\"\" data-icecast_json=\"\" data-icecast_mount=\"\"><div class=\"sr-playlist-item-flex\"><span class=\"store-list\"><\/span><\/div><div class=\"srp_track_description\"><\/div><\/li><li \n            class=\"sr-playlist-item\" \n            data-audiopath=\"https:\/\/rtmale.com\/wp-content\/uploads\/2026\/02\/lapin-lumo.mp3\"\n            data-showloading=\"1\"\n            data-albumTitle=\"SOUL AMBASSADOR STARRING  - FINNISH WEB EP\"\n            data-albumArt=\"https:\/\/rtmale.com\/wp-content\/uploads\/2024\/08\/20240816_150615-576x1024.jpg\"\n            data-releasedate=\"\"\n            data-date=\"2026\/02\/17\"\n            data-date-formated=\"17 helmikuun, 2026\"\n            data-show-date=\"\"\n            data-trackTitle=\"Lapin Lumo\"\n            data-artist=\"\"\n            data-trackID=\"1429\"\n            data-trackTime=\"4:41\"\n            data-relatedTrack=\"\"\n            data-post-url=\"\"\n            data-post-id=\"1434\"\n            data-track-pos=\"1\"\n            data-peakFile=\"https:\/\/rtmale.com\/wp-content\/uploads\/audio_peaks\/1429.peak\"\n            data-peakFile-allow=\"1\"\n            data-is-preview=\"\"\n            data-track-lyric=\"\" data-icecast_json=\"\" data-icecast_mount=\"\"><div class=\"sr-playlist-item-flex\"><span class=\"store-list\"><\/span><\/div><div class=\"srp_track_description\"><\/div><\/li><li \n            class=\"sr-playlist-item\" \n            data-audiopath=\"https:\/\/rtmale.com\/wp-content\/uploads\/2026\/02\/matkalla-kuubaan.mp3\"\n            data-showloading=\"1\"\n            data-albumTitle=\"SOUL AMBASSADOR STARRING  - FINNISH WEB EP\"\n            data-albumArt=\"https:\/\/rtmale.com\/wp-content\/uploads\/2024\/08\/20240816_150615-576x1024.jpg\"\n            data-releasedate=\"\"\n            data-date=\"2026\/02\/17\"\n            data-date-formated=\"17 helmikuun, 2026\"\n            data-show-date=\"\"\n            data-trackTitle=\"Matkalla Kuubaan\"\n            data-artist=\"\"\n            data-trackID=\"1430\"\n            data-trackTime=\"3:00\"\n            data-relatedTrack=\"\"\n            data-post-url=\"\"\n            data-post-id=\"1434\"\n            data-track-pos=\"2\"\n            data-peakFile=\"https:\/\/rtmale.com\/wp-content\/uploads\/audio_peaks\/1430.peak\"\n            data-peakFile-allow=\"1\"\n            data-is-preview=\"\"\n            data-track-lyric=\"\" data-icecast_json=\"\" data-icecast_mount=\"\"><div class=\"sr-playlist-item-flex\"><span class=\"store-list\"><\/span><\/div><div class=\"srp_track_description\"><\/div><\/li><li \n            class=\"sr-playlist-item\" \n            data-audiopath=\"https:\/\/rtmale.com\/wp-content\/uploads\/2026\/02\/Merihadassa.mp3\"\n            data-showloading=\"1\"\n            data-albumTitle=\"SOUL AMBASSADOR STARRING  - FINNISH WEB EP\"\n            data-albumArt=\"https:\/\/rtmale.com\/wp-content\/uploads\/2024\/08\/20240816_150615-576x1024.jpg\"\n            data-releasedate=\"\"\n            data-date=\"2026\/02\/17\"\n            data-date-formated=\"17 helmikuun, 2026\"\n            data-show-date=\"\"\n            data-trackTitle=\"Merih\u00e4d\u00e4ss\u00e4\"\n            data-artist=\"\"\n            data-trackID=\"1431\"\n            data-trackTime=\"2:42\"\n            data-relatedTrack=\"\"\n            data-post-url=\"\"\n            data-post-id=\"1434\"\n            data-track-pos=\"3\"\n            data-peakFile=\"https:\/\/rtmale.com\/wp-content\/uploads\/audio_peaks\/1431.peak\"\n            data-peakFile-allow=\"1\"\n            data-is-preview=\"\"\n            data-track-lyric=\"\" data-icecast_json=\"\" data-icecast_mount=\"\"><div class=\"sr-playlist-item-flex\"><span class=\"store-list\"><\/span><\/div><div class=\"srp_track_description\"><\/div><\/li><li \n            class=\"sr-playlist-item\" \n            data-audiopath=\"https:\/\/rtmale.com\/wp-content\/uploads\/2026\/02\/satamassa_MST.mp3\"\n            data-showloading=\"1\"\n            data-albumTitle=\"SOUL AMBASSADOR STARRING  - FINNISH WEB EP\"\n            data-albumArt=\"https:\/\/rtmale.com\/wp-content\/uploads\/2024\/08\/20240816_150615-576x1024.jpg\"\n            data-releasedate=\"\"\n            data-date=\"2026\/02\/17\"\n            data-date-formated=\"17 helmikuun, 2026\"\n            data-show-date=\"\"\n            data-trackTitle=\"Satamassa\"\n            data-artist=\"\"\n            data-trackID=\"1432\"\n            data-trackTime=\"2:37\"\n            data-relatedTrack=\"\"\n            data-post-url=\"\"\n            data-post-id=\"1434\"\n            data-track-pos=\"4\"\n            data-peakFile=\"https:\/\/rtmale.com\/wp-content\/uploads\/audio_peaks\/1432.peak\"\n            data-peakFile-allow=\"1\"\n            data-is-preview=\"\"\n            data-track-lyric=\"\" data-icecast_json=\"\" data-icecast_mount=\"\"><div class=\"sr-playlist-item-flex\"><span class=\"store-list\"><\/span><\/div><div class=\"srp_track_description\"><\/div><\/li><li \n            class=\"sr-playlist-item\" \n            data-audiopath=\"https:\/\/rtmale.com\/wp-content\/uploads\/2026\/02\/valkoisia-joutsenia_MST.mp3\"\n            data-showloading=\"1\"\n            data-albumTitle=\"SOUL AMBASSADOR STARRING  - FINNISH WEB EP\"\n            data-albumArt=\"https:\/\/rtmale.com\/wp-content\/uploads\/2024\/08\/20240816_150615-576x1024.jpg\"\n            data-releasedate=\"\"\n            data-date=\"2026\/02\/17\"\n            data-date-formated=\"17 helmikuun, 2026\"\n            data-show-date=\"\"\n            data-trackTitle=\"Valkoisia Joutsenia\"\n            data-artist=\"\"\n            data-trackID=\"1433\"\n            data-trackTime=\"2:06\"\n            data-relatedTrack=\"\"\n            data-post-url=\"\"\n            data-post-id=\"1434\"\n            data-track-pos=\"5\"\n            data-peakFile=\"https:\/\/rtmale.com\/wp-content\/uploads\/audio_peaks\/1433.peak\"\n            data-peakFile-allow=\"1\"\n            data-is-preview=\"\"\n            data-track-lyric=\"\" data-icecast_json=\"\" data-icecast_mount=\"\"><div class=\"sr-playlist-item-flex\"><span class=\"store-list\"><\/span><\/div><div class=\"srp_track_description\"><\/div><\/li><\/ul><\/div><\/div><div class=\"album-store\"><\/div><\/div><script id=\"srp_js_params_69ec8727c18c6\">\n        var srp_player_params_69ec8727c18c6 = {\"title\":\"\",\"store_title_text\":\"\",\"albums\":\"latest\",\"hide_artwork\":false,\"sticky_player\":0,\"show_album_market\":0,\"show_track_market\":\"true\",\"hide_timeline\":0,\"progress_bar_style\":\"default\",\"wave_bar_width\":\"1\",\"wave_bar_gap\":\"1\",\"player_layout\":\"skin_boxed_tracklist\",\"tracklist_layout\":\"list\",\"show_playlist\":\"true\",\"orderby\":\"date\",\"order\":\"DESC\",\"use_play_label_with_icon\":\"false\",\"main_settings\":\"||\"} \n        var srp_player_params_args_69ec8727c18c6 = {\"before_widget\":\"<article id=\\\"arbitrary-instance-69ec8727c18c6\\\" class=\\\"iron_widget_radio playlist_enabled\\\">\",\"after_widget\":\"<\\\/article>\",\"before_title\":\"<span class='heading-t3'><\\\/span><h3 class=\\\"widgettitle\\\">\",\"after_title\":\"<\\\/h3>\",\"widget_id\":\"arbitrary-instance-69ec8727c18c6\"}  \n        <\/script><script>if(typeof setIronAudioplayers !== \"undefined\"){ setIronAudioplayers(\"arbitrary-instance-69ec8727c18c6\"); }<\/script><\/article><\/pre>\n\n\n\n<p>All songs by Riku Turpeinen. <\/p>\n\n\n\n<p><\/p>\n","protected":false},"excerpt":{"rendered":"<p> [&hellip;]<\/p>\n","protected":false},"author":1,"featured_media":0,"parent":0,"menu_order":0,"comment_status":"closed","ping_status":"closed","template":"","meta":{"footnotes":""},"class_list":["post-1426","page","type-page","status-publish","hentry"],"_links":{"self":[{"href":"https:\/\/rtmale.com\/index.php?rest_route=\/wp\/v2\/pages\/1426","targetHints":{"allow":["GET"]}}],"collection":[{"href":"https:\/\/rtmale.com\/index.php?rest_route=\/wp\/v2\/pages"}],"about":[{"href":"https:\/\/rtmale.com\/index.php?rest_route=\/wp\/v2\/types\/page"}],"author":[{"embeddable":true,"href":"https:\/\/rtmale.com\/index.php?rest_route=\/wp\/v2\/users\/1"}],"replies":[{"embeddable":true,"href":"https:\/\/rtmale.com\/index.php?rest_route=%2Fwp%2Fv2%2Fcomments&post=1426"}],"version-history":[{"count":5,"href":"https:\/\/rtmale.com\/index.php?rest_route=\/wp\/v2\/pages\/1426\/revisions"}],"predecessor-version":[{"id":1440,"href":"https:\/\/rtmale.com\/index.php?rest_route=\/wp\/v2\/pages\/1426\/revisions\/1440"}],"wp:attachment":[{"href":"https:\/\/rtmale.com\/index.php?rest_route=%2Fwp%2Fv2%2Fmedia&parent=1426"}],"curies":[{"name":"wp","href":"https:\/\/api.w.org\/{rel}","templated":true}]}}